{"id":310,"date":"2021-06-22T23:54:16","date_gmt":"2021-06-22T21:54:16","guid":{"rendered":"http:\/\/enddarmzentrum-bietigheim.de\/?page_id=310"},"modified":"2022-12-29T17:52:42","modified_gmt":"2022-12-29T16:52:42","slug":"impressum","status":"publish","type":"page","link":"https:\/\/enddarmzentrum-bietigheim.de\/?page_id=310","title":{"rendered":"Impressum"},"content":{"rendered":"\n<p><strong>Enddarmzentrum Bietigheim<\/strong><\/p>\n\n\n\n<p>Dr. med. Oliver Schunter<br>Dr. med. Markus Piro<br>Floris Engelsman<\/p>\n\n\n\n<p>Bahnhofplatz 4<br>74321 Bietigheim-Bissingen<\/p>\n\n\n\n<p>Tel. 07142\/53232<br>Fax 07142\/54655<br><a href=\"mailto:info@enddarmzentrum-bietigheim.de\">info@enddarmzentrum-bietigheim.de<\/a><\/p>\n\n\n\n<p><strong>Berufsbezeichnung:<\/strong><\/p>\n\n\n\n<p><em>Dr. med. Oliver Schunter<\/em><br>Arzt, Arzt f\u00fcr Chirurgie-Viszeralchirugie-Proktologie (Verliehen in der Bundesrepublik Deutschland)<\/p>\n\n\n\n<p><em>Dr. med. Markus Piro<\/em><br>Arzt, Arzt f\u00fcr Chirurgie-Viszeralchirurgie-Proktologie (Verliehen in der Bundesrepublik Deutschland)<\/p>\n\n\n\n<p><em>Floris Engelsman<\/em><br>Arzt, Arzt f\u00fcr Viszeralchirurgie-Proktologie (Verliehen in der Bundesrepublik Deutschland)<\/p>\n\n\n\n<p><strong>Zust\u00e4ndige Aufsichtsbeh\u00f6rde:<\/strong><\/p>\n\n\n\n<p>Kassen\u00e4rztliche Vereinigung Baden-W\u00fcrttemberg<br>Bezirksdirektion Stuttgart<br>Albstadtweg 11<br>70567 Stuttgart<br><a href=\"http:\/\/www.kvbawue.de\/\">www.kvbawue.de<\/a><\/p>\n\n\n\n<p><strong>Zust\u00e4ndige Kammer:<\/strong><\/p>\n\n\n\n<p>Landes\u00e4rztekammer Baden-W\u00fcrttemberg<br>Bezirks\u00e4rztekammer Nordw\u00fcrttemberg<br>Jahnstr. 5<br>70597 Stuttgart<br><a href=\"http:\/\/www.aerztekammer-bw.de\/\">www.aerztekammer-bw.de<\/a><\/p>\n\n\n\n<p><strong>Berufsrechtliche Regelungen:<\/strong><\/p>\n\n\n\n<p>Die Berufsordnung k\u00f6nnen Sie auf der Internetseite der \u00c4rztekammer Baden-W\u00fcrttemberg unter&nbsp;<a href=\"http:\/\/www.aerztekammer-bw.de\/\">www.aerztekammer-bw.de<\/a>&nbsp;einsehen<\/p>\n\n\n\n<p><strong>Inhaltlich Verantwortlicher gem\u00e4\u00df \u00a7 6 MDStV:<\/strong><\/p>\n\n\n\n<p>Dr. Markus Piro<\/p>\n\n\n\n<p><strong>Haftungshinweis:<\/strong><\/p>\n\n\n\n<p>Trotz sorgf\u00e4ltiger inhaltlicher Kontrolle \u00fcbernehmen wir keine Haftung f\u00fcr die Inhalte externer Links. F\u00fcr den Inhalt der verlinkten Seiten sind ausschlie\u00dflich deren Betreiber verantwortlich.<\/p>\n","protected":false},"excerpt":{"rendered":"<p>Enddarmzentrum Bietigheim Dr. med. Oliver SchunterDr. med. Markus PiroFloris Engelsman Bahnhofplatz 474321 Bietigheim-Bissingen Tel. 07142\/53232Fax 07142\/54655info@enddarmzentrum-bietigheim.de Berufsbezeichnung: Dr. med. Oliver SchunterArzt, Arzt f\u00fcr Chirurgie-Viszeralchirugie-Proktologie (Verliehen in der Bundesrepublik Deutschland) Dr. med. Markus PiroArzt, Arzt f\u00fcr Chirurgie-Viszeralchirurgie-Proktologie (Verliehen in der Bundesrepublik Deutschland) Floris EngelsmanArzt, Arzt f\u00fcr Viszeralchirurgie-Proktologie (Verliehen in der Bundesrepublik Deutschland) Zust\u00e4ndige Aufsichtsbeh\u00f6rde: Kassen\u00e4rztliche Vereinigung [&hellip;]<\/p>\n","protected":false},"author":3,"featured_media":0,"parent":0,"menu_order":0,"comment_status":"closed","ping_status":"closed","template":"","meta":[],"_links":{"self":[{"href":"https:\/\/enddarmzentrum-bietigheim.de\/index.php?rest_route=\/wp\/v2\/pages\/310"}],"collection":[{"href":"https:\/\/enddarmzentrum-bietigheim.de\/index.php?rest_route=\/wp\/v2\/pages"}],"about":[{"href":"https:\/\/enddarmzentrum-bietigheim.de\/index.php?rest_route=\/wp\/v2\/types\/page"}],"author":[{"embeddable":true,"href":"https:\/\/enddarmzentrum-bietigheim.de\/index.php?rest_route=\/wp\/v2\/users\/3"}],"replies":[{"embeddable":true,"href":"https:\/\/enddarmzentrum-bietigheim.de\/index.php?rest_route=%2Fwp%2Fv2%2Fcomments&post=310"}],"version-history":[{"count":4,"href":"https:\/\/enddarmzentrum-bietigheim.de\/index.php?rest_route=\/wp\/v2\/pages\/310\/revisions"}],"predecessor-version":[{"id":350,"href":"https:\/\/enddarmzentrum-bietigheim.de\/index.php?rest_route=\/wp\/v2\/pages\/310\/revisions\/350"}],"wp:attachment":[{"href":"https:\/\/enddarmzentrum-bietigheim.de\/index.php?rest_route=%2Fwp%2Fv2%2Fmedia&parent=310"}],"curies":[{"name":"wp","href":"https:\/\/api.w.org\/{rel}","templated":true}]}}